{"id":31,"date":"2026-01-02T15:03:39","date_gmt":"2026-01-02T15:03:39","guid":{"rendered":"https:\/\/gross-diekieferorthopaedie.com\/start\/"},"modified":"2026-01-07T19:50:02","modified_gmt":"2026-01-07T19:50:02","slug":"start","status":"publish","type":"page","link":"https:\/\/gross-diekieferorthopaedie.com\/en\/","title":{"rendered":"Start"},"content":{"rendered":"<div class=\"wp-block-group alignfull is-style-ext-preset--group--natural-1--section has-background-background-color has-background has-global-padding is-layout-constrained wp-block-group-is-layout-constrained\" style=\"margin-top:0;margin-bottom:0;padding-top:var(--wp--preset--spacing--50);padding-bottom:var(--wp--preset--spacing--70)\">\n<div class=\"wp-block-columns alignwide is-layout-flex wp-container-core-columns-is-layout-08c01c1c wp-block-columns-is-layout-flex\">\n<div class=\"wp-block-column is-vertically-aligned-stretch is-layout-flow wp-block-column-is-layout-flow\">\n<div class=\"wp-block-group alignwide is-style-ext-preset--group--natural-1--item-card-1--align-start has-tertiary-background-color has-background is-nowrap is-layout-flex wp-container-core-group-is-layout-bcde1d39 wp-block-group-is-layout-flex is-style-ext-preset--group--natural-1--item-card-1--align-start--2\" style=\"min-height:100%;padding-top:0;padding-right:0;padding-bottom:0;padding-left:0\">\n<div class=\"wp-block-group alignwide is-vertical is-layout-flex wp-container-core-group-is-layout-fa0d61a1 wp-block-group-is-layout-flex\" style=\"padding-top:var(--wp--preset--spacing--50);padding-right:var(--wp--preset--spacing--50);padding-bottom:var(--wp--preset--spacing--50);padding-left:var(--wp--preset--spacing--50)\">\n<div class=\"wp-block-group has-global-padding is-layout-constrained wp-container-core-group-is-layout-812d5580 wp-block-group-is-layout-constrained\" style=\"padding-top:0;padding-right:0;padding-bottom:0;padding-left:0\">\n<h1 class=\"wp-block-heading has-xx-large-font-size\">Hello. Nice to see you.<\/h1>\n\n\n\n<p style=\"font-size:clamp(14px, 0.875rem + ((1vw - 3.2px) * 0.417), 18px);\"><br>Welcome to Gross \u00b7 The Orthodontics.<br>Orthodontics that doesn\u2019t feel like a clinic \u2013 but like trust, clarity, and style.<br>We listen. We explain. We treat with precision.<br>And we take your smile seriously.<\/p>\n\n\n\n<p style=\"font-size:clamp(14px, 0.875rem + ((1vw - 3.2px) * 0.417), 18px);\"><\/p>\n\n\n\n<p style=\"font-size:clamp(14px, 0.875rem + ((1vw - 3.2px) * 0.417), 18px);\">I am Dr. Dr. Eileen Gro\u00df.<br>Trained in Cologne, D\u00fcsseldorf, M\u00fcnster, and the Principality of Liechtenstein.<br>On January 1, 2026, I will take over the practice from Prof. Harzer \u2013 with respect for what exists and a clear vision for the future.<br>Now I\u2019m back in Dresden. And this is exactly where I belong.<\/p>\n<\/div>\n\n\n\n<div class=\"wp-block-buttons is-layout-flex wp-block-buttons-is-layout-flex\">\n<div class=\"wp-block-button is-style-ext-preset--button--natural-1--button-1 is-style-ext-preset--button--natural-1--button-1--3\"><a class=\"wp-block-button__link wp-element-button\" href=\"https:\/\/gross-diekieferorthopaedie.com\/en\/#ueber-uns\">Learn more<\/a><\/div>\n<\/div>\n<\/div>\n<\/div>\n<\/div>\n\n\n\n<div class=\"wp-block-column is-vertically-aligned-stretch is-layout-flow wp-block-column-is-layout-flow\">\n<div class=\"wp-block-cover is-style-ext-preset--image--natural-1--image-1--content-right is-style-ext-preset--image--natural-1--image-1--content-right--4\" style=\"min-height:100%;aspect-ratio:unset;\"><img loading=\"lazy\" decoding=\"async\" width=\"960\" height=\"1440\" class=\"wp-block-cover__image-background wp-image-39\" alt=\"\" src=\"https:\/\/gross-diekieferorthopaedie.com\/wp-content\/uploads\/2026\/01\/796099730585d5374d245d108389d9ddba544fdd.jpg\" data-object-fit=\"cover\" srcset=\"https:\/\/gross-diekieferorthopaedie.com\/wp-content\/uploads\/2026\/01\/796099730585d5374d245d108389d9ddba544fdd.jpg 960w, https:\/\/gross-diekieferorthopaedie.com\/wp-content\/uploads\/2026\/01\/796099730585d5374d245d108389d9ddba544fdd-200x300.jpg 200w, https:\/\/gross-diekieferorthopaedie.com\/wp-content\/uploads\/2026\/01\/796099730585d5374d245d108389d9ddba544fdd-683x1024.jpg 683w, https:\/\/gross-diekieferorthopaedie.com\/wp-content\/uploads\/2026\/01\/796099730585d5374d245d108389d9ddba544fdd-768x1152.jpg 768w, https:\/\/gross-diekieferorthopaedie.com\/wp-content\/uploads\/2026\/01\/796099730585d5374d245d108389d9ddba544fdd-8x12.jpg 8w\" sizes=\"auto, (max-width: 960px) 100vw, 960px\" \/><span aria-hidden=\"true\" class=\"wp-block-cover__background has-background-dim-0 has-background-dim\"><\/span><div class=\"wp-block-cover__inner-container is-layout-flow wp-block-cover-is-layout-flow\">\n<div style=\"height:320px\" aria-hidden=\"true\" class=\"wp-block-spacer\"><\/div>\n<\/div><\/div>\n<\/div>\n<\/div>\n<\/div>\n\n\n\n<div class=\"wp-block-group alignfull is-style-ext-preset--group--natural-1--section has-tertiary-background-color has-background has-global-padding is-layout-constrained wp-container-core-group-is-layout-6714b1d7 wp-block-group-is-layout-constrained\" id=\"ueber-uns\" style=\"margin-top:0;margin-bottom:0;padding-top:var(--wp--preset--spacing--70);padding-bottom:var(--wp--preset--spacing--70)\">\n<div class=\"wp-block-group alignwide is-vertical is-content-justification-left is-layout-flex wp-container-core-group-is-layout-214d3d4d wp-block-group-is-layout-flex\">\n<div class=\"wp-block-group has-global-padding is-layout-constrained wp-container-core-group-is-layout-2287c683 wp-block-group-is-layout-constrained\">\n<h2 class=\"wp-block-heading has-text-align-left\">Who we are<\/h2>\n\n\n\n<p class=\"has-text-align-left\">Three amazing women. Working as equals. Speaking clearly. Listening closely.<br>A good team atmosphere isn\u2019t just a feel-good factor \u2013 it\u2019s the foundation of good medicine.<br>You\u2019ll feel it. From the reception to your last appointment.<\/p>\n<\/div>\n<\/div>\n\n\n\n<div class=\"wp-block-columns alignwide is-layout-flex wp-container-core-columns-is-layout-28f84493 wp-block-columns-is-layout-flex\">\n<div class=\"wp-block-column is-layout-flow wp-block-column-is-layout-flow\">\n<figure class=\"wp-block-image is-style-ext-preset-image-natural-1-image-1--content-bottom is-style-ext-preset--image--natural-1--image-1--content-bottom is-style-ext-preset--image--natural-1--image-1--content-bottom--6\"><img loading=\"lazy\" decoding=\"async\" width=\"1440\" height=\"810\" src=\"https:\/\/gross-diekieferorthopaedie.com\/wp-content\/uploads\/2026\/01\/ff75fd621e29a3618fc8982e494abcc081c4dbe3.jpg\" alt=\"\" class=\"wp-image-40\" style=\"aspect-ratio:3\/4;object-fit:cover\" srcset=\"https:\/\/gross-diekieferorthopaedie.com\/wp-content\/uploads\/2026\/01\/ff75fd621e29a3618fc8982e494abcc081c4dbe3.jpg 1440w, https:\/\/gross-diekieferorthopaedie.com\/wp-content\/uploads\/2026\/01\/ff75fd621e29a3618fc8982e494abcc081c4dbe3-300x169.jpg 300w, https:\/\/gross-diekieferorthopaedie.com\/wp-content\/uploads\/2026\/01\/ff75fd621e29a3618fc8982e494abcc081c4dbe3-1024x576.jpg 1024w, https:\/\/gross-diekieferorthopaedie.com\/wp-content\/uploads\/2026\/01\/ff75fd621e29a3618fc8982e494abcc081c4dbe3-768x432.jpg 768w, https:\/\/gross-diekieferorthopaedie.com\/wp-content\/uploads\/2026\/01\/ff75fd621e29a3618fc8982e494abcc081c4dbe3-18x10.jpg 18w\" sizes=\"auto, (max-width: 1440px) 100vw, 1440px\" \/><\/figure>\n<\/div>\n\n\n\n<div class=\"wp-block-column is-layout-flow wp-block-column-is-layout-flow\">\n<figure class=\"wp-block-image is-style-ext-preset-image-natural-1-image-1--content-bottom is-style-ext-preset--image--natural-1--image-1--content-bottom is-style-ext-preset--image--natural-1--image-1--content-bottom--7\"><img loading=\"lazy\" decoding=\"async\" width=\"1440\" height=\"960\" src=\"https:\/\/gross-diekieferorthopaedie.com\/wp-content\/uploads\/2026\/01\/7f3de098b75b0ddf4d3b786099d6b7c09972090e.jpg\" alt=\"\" class=\"wp-image-41\" style=\"aspect-ratio:3\/4;object-fit:cover\" srcset=\"https:\/\/gross-diekieferorthopaedie.com\/wp-content\/uploads\/2026\/01\/7f3de098b75b0ddf4d3b786099d6b7c09972090e.jpg 1440w, https:\/\/gross-diekieferorthopaedie.com\/wp-content\/uploads\/2026\/01\/7f3de098b75b0ddf4d3b786099d6b7c09972090e-300x200.jpg 300w, https:\/\/gross-diekieferorthopaedie.com\/wp-content\/uploads\/2026\/01\/7f3de098b75b0ddf4d3b786099d6b7c09972090e-1024x683.jpg 1024w, https:\/\/gross-diekieferorthopaedie.com\/wp-content\/uploads\/2026\/01\/7f3de098b75b0ddf4d3b786099d6b7c09972090e-768x512.jpg 768w, https:\/\/gross-diekieferorthopaedie.com\/wp-content\/uploads\/2026\/01\/7f3de098b75b0ddf4d3b786099d6b7c09972090e-18x12.jpg 18w\" sizes=\"auto, (max-width: 1440px) 100vw, 1440px\" \/><\/figure>\n<\/div>\n\n\n\n<div class=\"wp-block-column is-layout-flow wp-block-column-is-layout-flow\">\n<figure class=\"wp-block-image is-style-ext-preset-image-natural-1-image-1--content-bottom is-style-ext-preset--image--natural-1--image-1--content-bottom is-style-ext-preset--image--natural-1--image-1--content-bottom--8\"><img loading=\"lazy\" decoding=\"async\" width=\"1440\" height=\"1080\" src=\"https:\/\/gross-diekieferorthopaedie.com\/wp-content\/uploads\/2026\/01\/a0d4977524a19788e3cc6ad9e8c1ba8e2381e4ed.jpg\" alt=\"\" class=\"wp-image-42\" style=\"aspect-ratio:3\/4;object-fit:cover\" srcset=\"https:\/\/gross-diekieferorthopaedie.com\/wp-content\/uploads\/2026\/01\/a0d4977524a19788e3cc6ad9e8c1ba8e2381e4ed.jpg 1440w, https:\/\/gross-diekieferorthopaedie.com\/wp-content\/uploads\/2026\/01\/a0d4977524a19788e3cc6ad9e8c1ba8e2381e4ed-300x225.jpg 300w, https:\/\/gross-diekieferorthopaedie.com\/wp-content\/uploads\/2026\/01\/a0d4977524a19788e3cc6ad9e8c1ba8e2381e4ed-1024x768.jpg 1024w, https:\/\/gross-diekieferorthopaedie.com\/wp-content\/uploads\/2026\/01\/a0d4977524a19788e3cc6ad9e8c1ba8e2381e4ed-768x576.jpg 768w, https:\/\/gross-diekieferorthopaedie.com\/wp-content\/uploads\/2026\/01\/a0d4977524a19788e3cc6ad9e8c1ba8e2381e4ed-16x12.jpg 16w\" sizes=\"auto, (max-width: 1440px) 100vw, 1440px\" \/><\/figure>\n<\/div>\n<\/div>\n<\/div>\n\n\n\n<div class=\"wp-block-group alignfull is-style-ext-preset--group--natural-1--section has-tertiary-background-color has-background has-global-padding is-layout-constrained wp-container-core-group-is-layout-e955bbaf wp-block-group-is-layout-constrained\" id=\"antrieb\" style=\"margin-top:0;margin-bottom:0;padding-top:var(--wp--preset--spacing--70);padding-bottom:var(--wp--preset--spacing--70)\">\n<div class=\"wp-block-group alignwide is-vertical is-layout-flex wp-container-core-group-is-layout-c35747d5 wp-block-group-is-layout-flex\">\n<div class=\"wp-block-group is-nowrap is-layout-flex wp-container-core-group-is-layout-6c531013 wp-block-group-is-layout-flex\">\n<figure class=\"wp-block-image size-full is-style-default wp-container-content-c9763a5f\" style=\"margin-top:0;margin-right:0;margin-bottom:0;margin-left:0\"><img loading=\"lazy\" decoding=\"async\" width=\"1440\" height=\"810\" src=\"https:\/\/gross-diekieferorthopaedie.com\/wp-content\/uploads\/2026\/01\/ff75fd621e29a3618fc8982e494abcc081c4dbe3-1.jpg\" alt=\"\" class=\"wp-image-115\" style=\"aspect-ratio:16\/9;object-fit:cover\"\/><\/figure>\n\n\n\n<div class=\"wp-block-group has-global-padding is-layout-constrained wp-container-core-group-is-layout-5e05634a wp-block-group-is-layout-constrained\">\n<h2 class=\"wp-block-heading\" style=\"text-transform:none\">What drives us<\/h2>\n\n\n\n<p class=\"has-text-align-left\">I know what it feels like to be a patient. <br>A genuine welcome. Clear explanations. Transparency about treatment, risks, and costs.<br>That\u2019s why, for us, this isn\u2019t an extra \u2013 it\u2019s the standard.<br>You should understand what we do. And why.<\/p>\n<\/div>\n<\/div>\n<\/div>\n<\/div>\n\n\n\n\n\n<div class=\"wp-block-group alignfull is-style-ext-preset--group--natural-1--section has-background-background-color has-background has-global-padding is-layout-constrained wp-container-core-group-is-layout-e955bbaf wp-block-group-is-layout-constrained\" id=\"behandlungen\" style=\"margin-top:0;margin-bottom:0;padding-top:var(--wp--preset--spacing--70);padding-bottom:var(--wp--preset--spacing--70)\">\n<div class=\"wp-block-group alignwide is-vertical is-content-justification-center is-layout-flex wp-container-core-group-is-layout-c9ee0c5a wp-block-group-is-layout-flex\">\n<div class=\"wp-block-group has-global-padding is-layout-constrained wp-container-core-group-is-layout-5e05634a wp-block-group-is-layout-constrained\">\n<h2 class=\"wp-block-heading has-text-align-center\">Treatments<\/h2>\n\n\n\n<p class=\"has-text-align-center\">Here you\u2019ll learn how our practice can sustainably improve your smile.<\/p>\n<\/div>\n<\/div>\n\n\n\n<div class=\"wp-block-columns alignwide is-layout-flex wp-container-core-columns-is-layout-08c01c1c wp-block-columns-is-layout-flex\">\n<div class=\"wp-block-column is-vertically-aligned-stretch is-layout-flow wp-container-core-column-is-layout-f5bb311e wp-block-column-is-layout-flow\">\n<div class=\"wp-block-group is-style-ext-preset--group--natural-1--item-card-1--align-center has-global-padding is-layout-constrained wp-block-group-is-layout-constrained is-style-ext-preset--group--natural-1--item-card-1--align-center--14\">\n<div class=\"wp-block-group is-style-default has-global-padding is-layout-constrained wp-block-group-is-layout-constrained\">\n<figure class=\"wp-block-image aligncenter size-large ext-aspect-landscape wp-duotone-primary-foreground\"><img decoding=\"async\" src=\"data:image\/svg+xml;base64,PHN2ZyB4bWxucz0iaHR0cDovL3d3dy53My5vcmcvMjAwMC9zdmciIHdpZHRoPSI0OCIgaGVpZ2h0PSI0OCIgZmlsbD0iIzAwMDAwMCIgdmlld0JveD0iMCAwIDI1NiAyNTYiPjxwYXRoIGQ9Ik0xNzIsNzZhNDQsNDQsMCwxLDAtNDQsNDRBNDQuMDUsNDQuMDUsMCwwLDAsMTcyLDc2Wm0tNDQsMjhhMjgsMjgsMCwxLDEsMjgtMjhBMjgsMjgsMCwwLDEsMTI4LDEwNFptNjAsMjRhNDQsNDQsMCwxLDAsNDQsNDRBNDQuMDUsNDQuMDUsMCwwLDAsMTg4LDEyOFptMCw3MmEyOCwyOCwwLDEsMSwyOC0yOEEyOCwyOCwwLDAsMSwxODgsMjAwWk02OCwxMjhhNDQsNDQsMCwxLDAsNDQsNDRBNDQuMDUsNDQuMDUsMCwwLDAsNjgsMTI4Wm0wLDcyYTI4LDI4LDAsMSwxLDI4LTI4QTI4LDI4LDAsMCwxLDY4LDIwMFoiPjwvcGF0aD48L3N2Zz4=\" alt=\"\" style=\"object-fit:cover\"\/><\/figure>\n\n\n\n<h3 class=\"wp-block-heading has-text-align-center\">Children<br><\/h3>\n\n\n\n<p class=\"has-text-align-center\">Our innovative techniques ensure comfortable treatments and a perfectly pain-free result.<\/p>\n<\/div>\n<\/div>\n<\/div>\n\n\n\n<div class=\"wp-block-column is-vertically-aligned-stretch is-layout-flow wp-container-core-column-is-layout-f5bb311e wp-block-column-is-layout-flow\">\n<div class=\"wp-block-group is-style-ext-preset--group--natural-1--item-card-1--align-center has-global-padding is-layout-constrained wp-block-group-is-layout-constrained is-style-ext-preset--group--natural-1--item-card-1--align-center--15\">\n<div class=\"wp-block-group is-style-default has-global-padding is-layout-constrained wp-block-group-is-layout-constrained\">\n<figure class=\"wp-block-image aligncenter size-large ext-aspect-landscape wp-duotone-primary-foreground\"><img decoding=\"async\" src=\"data:image\/svg+xml;base64,PHN2ZyB4bWxucz0iaHR0cDovL3d3dy53My5vcmcvMjAwMC9zdmciIHdpZHRoPSI0OCIgaGVpZ2h0PSI0OCIgZmlsbD0iIzAwMDAwMCIgdmlld0JveD0iMCAwIDI1NiAyNTYiPjxwYXRoIGQ9Ik04MCw0MGE0MCw0MCwwLDEsMCw0MCw0MEE0MCw0MCwwLDAsMCw4MCw0MFptMCw2NGEyNCwyNCwwLDEsMSwyNC0yNEEyNCwyNCwwLDAsMSw4MCwxMDRabTk2LDE2YTQwLDQwLDAsMSwwLTQwLTQwQTQwLDQwLDAsMCwwLDE3NiwxMjBabTAtNjRhMjQsMjQsMCwxLDEtMjQsMjRBMjQsMjQsMCwwLDEsMTc2LDU2Wk04MCwxMzZhNDAsNDAsMCwxLDAsNDAsNDBBNDAsNDAsMCwwLDAsODAsMTM2Wm0wLDY0YTI0LDI0LDAsMSwxLDI0LTI0QTI0LDI0LDAsMCwxLDgwLDIwMFptOTYtNjRhNDAsNDAsMCwxLDAsNDAsNDBBNDAsNDAsMCwwLDAsMTc2LDEzNlptMCw2NGEyNCwyNCwwLDEsMSwyNC0yNEEyNCwyNCwwLDAsMSwxNzYsMjAwWiI+PC9wYXRoPjwvc3ZnPg==\" alt=\"\" style=\"object-fit:cover\"\/><\/figure>\n\n\n\n<h3 class=\"wp-block-heading has-text-align-center\">Teens<br><\/h3>\n\n\n\n<p class=\"has-text-align-center\">We support young patients with individually tailored treatment plans for healthy jaw growth.<\/p>\n<\/div>\n<\/div>\n<\/div>\n\n\n\n<div class=\"wp-block-column is-vertically-aligned-stretch is-layout-flow wp-container-core-column-is-layout-f5bb311e wp-block-column-is-layout-flow\">\n<div class=\"wp-block-group is-style-ext-preset--group--natural-1--item-card-1--align-center has-global-padding is-layout-constrained wp-block-group-is-layout-constrained is-style-ext-preset--group--natural-1--item-card-1--align-center--16\">\n<div class=\"wp-block-group is-style-default has-global-padding is-layout-constrained wp-block-group-is-layout-constrained\">\n<figure class=\"wp-block-image aligncenter size-large ext-aspect-landscape wp-duotone-primary-foreground\"><img decoding=\"async\" src=\"data:image\/svg+xml;base64,PHN2ZyB4bWxucz0iaHR0cDovL3d3dy53My5vcmcvMjAwMC9zdmciIHdpZHRoPSI0OCIgaGVpZ2h0PSI0OCIgZmlsbD0iIzAwMDAwMCIgdmlld0JveD0iMCAwIDI1NiAyNTYiPjxwYXRoIGQ9Ik04MCw0MGE0MCw0MCwwLDEsMCw0MCw0MEE0MCw0MCwwLDAsMCw4MCw0MFptMCw2NGEyNCwyNCwwLDEsMSwyNC0yNEEyNCwyNCwwLDAsMSw4MCwxMDRabTk2LDE2YTQwLDQwLDAsMSwwLTQwLTQwQTQwLDQwLDAsMCwwLDE3NiwxMjBabTAtNjRhMjQsMjQsMCwxLDEtMjQsMjRBMjQsMjQsMCwwLDEsMTc2LDU2Wk04MCwxMzZhNDAsNDAsMCwxLDAsNDAsNDBBNDAsNDAsMCwwLDAsODAsMTM2Wm0wLDY0YTI0LDI0LDAsMSwxLDI0LTI0QTI0LDI0LDAsMCwxLDgwLDIwMFptMTM2LTI0YTgsOCwwLDAsMS04LDhIMTg0djI0YTgsOCwwLDAsMS0xNiwwVjE4NEgxNDRhOCw4LDAsMCwxLDAtMTZoMjRWMTQ0YTgsOCwwLDAsMSwxNiwwdjI0aDI0QTgsOCwwLDAsMSwyMTYsMTc2WiI+PC9wYXRoPjwvc3ZnPg==\" alt=\"\" style=\"object-fit:cover\"\/><\/figure>\n\n\n\n<h3 class=\"wp-block-heading has-text-align-center\">\u00c4sthetische L\u00f6sungen f\u00fcr Erwachsene<\/h3>\n\n\n\n<p class=\"has-text-align-center\">Discreet treatment methods help you achieve your dream smile without visible appliances.<\/p>\n<\/div>\n<\/div>\n<\/div>\n<\/div>\n\n\n\n<div class=\"wp-block-buttons is-content-justification-center is-layout-flex wp-container-core-buttons-is-layout-a89b3969 wp-block-buttons-is-layout-flex\">\n<div class=\"wp-block-button is-style-ext-preset--button--natural-1--button-1 is-style-ext-preset--button--natural-1--button-1--17\"><a class=\"wp-block-button__link wp-element-button\" href=\"https:\/\/gross-diekieferorthopaedie.com\/en\/#kontakt\">Learn more<\/a><\/div>\n<\/div>\n<\/div>\n\n\n\n<div class=\"wp-block-group alignfull is-style-ext-preset--group--natural-1--section has-tertiary-background-color has-background has-global-padding is-layout-constrained wp-block-group-is-layout-constrained\" id=\"kontakt\" style=\"margin-top:0;margin-bottom:0;padding-top:var(--wp--preset--spacing--70);padding-bottom:var(--wp--preset--spacing--70)\">\n<div class=\"wp-block-media-text alignwide has-media-on-the-right is-stacked-on-mobile is-image-fill-element is-style-ext-preset--media-text--natural-1--card-1 has-background-background-color has-background is-style-ext-preset--media-text--natural-1--card-1--19\" style=\"grid-template-columns:auto 47%\"><div class=\"wp-block-media-text__content\">\n<h2 class=\"wp-block-heading has-text-align-center\">Contact<\/h2>\n\n\n\n<div class=\"wp-block-group alignwide has-global-padding is-layout-constrained wp-container-core-group-is-layout-ef403dc0 wp-block-group-is-layout-constrained\" style=\"border-style:none;border-width:0px;border-top-left-radius:0px;border-top-right-radius:0px;border-bottom-left-radius:0px;border-bottom-right-radius:0px;margin-top:0;margin-bottom:0;padding-top:var(--wp--preset--spacing--20);padding-right:var(--wp--preset--spacing--55);padding-bottom:var(--wp--preset--spacing--20);padding-left:var(--wp--preset--spacing--55)\">\n<p style=\"border-style:none;border-width:0px\"><strong>Adresse<\/strong><br>Webergasse 1-3<br>01067 Dresden<br><br><strong>Telefon<\/strong><br>+49 351 48421881<br><br><strong>E-Mail<\/strong><br>info@gross-diekieferorthopaedie.com<br><br><strong>\u00d6ffnungszeiten<\/strong><\/p>\n\n\n\n<figure class=\"wp-block-table is-style-regular\"><table style=\"border-style:none;border-width:0px\"><tbody><tr><td>Monday<\/td><td>8am - 12am and 1pm - 5:30pm<\/td><\/tr><tr><td>Tuesday<\/td><td>8am - 12am and 1pm - 5:30pm<\/td><\/tr><tr><td>Wednesday <\/td><td>8am - 12am and 1pm - 5:30pm<\/td><\/tr><tr><td>Thursday <\/td><td>8am - 11am<\/td><\/tr><tr><td>Friday <\/td><td>closed<\/td><\/tr><\/tbody><\/table><\/figure>\n<\/div>\n<\/div><figure class=\"wp-block-media-text__media\"><img loading=\"lazy\" decoding=\"async\" width=\"1440\" height=\"810\" src=\"https:\/\/gross-diekieferorthopaedie.com\/wp-content\/uploads\/2026\/01\/ff75fd621e29a3618fc8982e494abcc081c4dbe3.jpg\" alt=\"\" class=\"wp-image-40 size-full\" style=\"object-position:45% 62%\" srcset=\"https:\/\/gross-diekieferorthopaedie.com\/wp-content\/uploads\/2026\/01\/ff75fd621e29a3618fc8982e494abcc081c4dbe3.jpg 1440w, https:\/\/gross-diekieferorthopaedie.com\/wp-content\/uploads\/2026\/01\/ff75fd621e29a3618fc8982e494abcc081c4dbe3-300x169.jpg 300w, https:\/\/gross-diekieferorthopaedie.com\/wp-content\/uploads\/2026\/01\/ff75fd621e29a3618fc8982e494abcc081c4dbe3-1024x576.jpg 1024w, https:\/\/gross-diekieferorthopaedie.com\/wp-content\/uploads\/2026\/01\/ff75fd621e29a3618fc8982e494abcc081c4dbe3-768x432.jpg 768w, https:\/\/gross-diekieferorthopaedie.com\/wp-content\/uploads\/2026\/01\/ff75fd621e29a3618fc8982e494abcc081c4dbe3-18x10.jpg 18w\" sizes=\"auto, (max-width: 1440px) 100vw, 1440px\" \/><\/figure><\/div>\n\n\n\n<div style=\"height:100px\" aria-hidden=\"true\" class=\"wp-block-spacer is-style-wide\"><\/div>\n\n\n\n<div class=\"wp-block-columns is-layout-flex wp-container-core-columns-is-layout-28f84493 wp-block-columns-is-layout-flex\">\n<div class=\"wp-block-column is-layout-flow wp-container-core-column-is-layout-b2a27621 wp-block-column-is-layout-flow\" style=\"padding-top:0;padding-right:0;padding-bottom:0;padding-left:0;flex-basis:100%\">\n<p><\/p>\n\n\n\n<p><\/p>\n\n\n\n<p class=\"has-text-align-left\" style=\"font-size:clamp(0.929rem, 0.929rem + ((1vw - 0.2rem) * 0.785), 1.4rem);\"><strong>We look forward to meeting you. <\/strong><\/p>\n\n\n\n<p class=\"has-text-align-left\" style=\"font-size:clamp(0.929rem, 0.929rem + ((1vw - 0.2rem) * 0.785), 1.4rem);\"><strong>And give you a smile that truly feels like you.<\/strong><\/p>\n<\/div>\n<\/div>\n\n\n\n<p class=\"has-text-align-right has-large-font-size\"><strong>Ready?<\/strong><\/p>\n<\/div>","protected":false},"excerpt":{"rendered":"<p>Hallo. Sch\u00f6n, dass Du da bist. Willkommen bei Gross \u00b7 die Kieferorthop\u00e4die.Kieferorthop\u00e4die, die sich nicht nach Praxis anf\u00fchlt \u2013 sondern nach Vertrauen, Klarheit und Stil.Wir h\u00f6ren zu. Wir erkl\u00e4ren. Wir behandeln pr\u00e4zise.Und wir nehmen Dein L\u00e4cheln ernst. Ich bin Dr. Dr. Eileen Gro\u00df.Ausgebildet in K\u00f6ln, D\u00fcsseldorf, M\u00fcnster und im F\u00fcrstentum Liechtenstein.Zum 01.01.2026 \u00fcbernehme ich die [&hellip;]<\/p>\n","protected":false},"author":1,"featured_media":0,"parent":0,"menu_order":0,"comment_status":"closed","ping_status":"closed","template":"no-title-sticky-header","meta":{"_monsterinsights_skip_tracking":false,"_monsterinsights_sitenote_active":false,"_monsterinsights_sitenote_note":"","_monsterinsights_sitenote_category":0,"footnotes":""},"class_list":["post-31","page","type-page","status-publish","hentry"],"aioseo_notices":[],"_links":{"self":[{"href":"https:\/\/gross-diekieferorthopaedie.com\/en\/wp-json\/wp\/v2\/pages\/31","targetHints":{"allow":["GET"]}}],"collection":[{"href":"https:\/\/gross-diekieferorthopaedie.com\/en\/wp-json\/wp\/v2\/pages"}],"about":[{"href":"https:\/\/gross-diekieferorthopaedie.com\/en\/wp-json\/wp\/v2\/types\/page"}],"author":[{"embeddable":true,"href":"https:\/\/gross-diekieferorthopaedie.com\/en\/wp-json\/wp\/v2\/users\/1"}],"replies":[{"embeddable":true,"href":"https:\/\/gross-diekieferorthopaedie.com\/en\/wp-json\/wp\/v2\/comments?post=31"}],"version-history":[{"count":37,"href":"https:\/\/gross-diekieferorthopaedie.com\/en\/wp-json\/wp\/v2\/pages\/31\/revisions"}],"predecessor-version":[{"id":128,"href":"https:\/\/gross-diekieferorthopaedie.com\/en\/wp-json\/wp\/v2\/pages\/31\/revisions\/128"}],"wp:attachment":[{"href":"https:\/\/gross-diekieferorthopaedie.com\/en\/wp-json\/wp\/v2\/media?parent=31"}],"curies":[{"name":"wp","href":"https:\/\/api.w.org\/{rel}","templated":true}]}}