{"id":34,"date":"2026-01-02T15:03:48","date_gmt":"2026-01-02T15:03:48","guid":{"rendered":"https:\/\/gross-diekieferorthopaedie.com\/impressum\/"},"modified":"2026-01-03T17:25:02","modified_gmt":"2026-01-03T17:25:02","slug":"impressum","status":"publish","type":"page","link":"https:\/\/gross-diekieferorthopaedie.com\/en\/impressum\/","title":{"rendered":"Imprint"},"content":{"rendered":"<div class=\"wp-block-group alignfull is-style-ext-preset--group--natural-1--section has-background-background-color has-background has-global-padding is-layout-constrained wp-container-core-group-is-layout-6150fac0 wp-block-group-is-layout-constrained\" style=\"margin-top:0;margin-bottom:0;padding-top:var(--wp--preset--spacing--70);padding-bottom:var(--wp--preset--spacing--70)\">\n<p> <strong>Site Owner:<\/strong><br> gross &#8211; die Kieferorthop\u00e4die<br> Webergasse 1-3<br> 01067 Dresden<br> Deutschland<br><br> <strong>Contact information:<\/strong><br> Phone: +49 351 48421881<br> E-Mail: info@gross-diekieferorthopaedie.com<br> Website: www.gross-diekieferorthopaedie.com<br><br> <strong>Authorized Representative:<\/strong><br> Dr. Dr. Eileen Gro\u00df<br> <\/p>\n\n\n\n<p><strong>Zust\u00e4ndige Kammer<\/strong><br>Landeszahn\u00e4rztekammer Sachsen<br><strong>Zust\u00e4ndige Aufsichtsbeh\u00f6rde<\/strong><br>Kassenzahn\u00e4rztliche Vereinigung Sachsen<br><strong>Gesetzliche Berufsbezeichnung<\/strong><br>Fachzahn\u00e4rztin f\u00fcr Kieferorthop\u00e4die<br><br><strong>Disclaimer of Liability<\/strong><br>This site contains links to external websites. Despite careful monitoring, we assume no liability for the content of external links. The operators of the linked pages are solely responsible for their content.<br><br>Redaktionell verantwortlich: Dr. Dr. Eileen Gro\u00df (Anschrift wie oben)<\/p>\n\n\n\n<p><br> <strong>Last updated:<\/strong><br> 02.01.2026<\/p>\n<\/div>","protected":false},"excerpt":{"rendered":"<p>Website-Betreiber: gross &#8211; die Kieferorthop\u00e4die Webergasse 1-3 01067 Dresden Deutschland Kontaktinformationen: Telefon: +49 351 48421881 E-Mail: info@gross-diekieferorthopaedie.com Website: www.gross-diekieferorthopaedie.com Vertretungsberechtigte Person: Dr. Dr. Eileen Gro\u00df Zust\u00e4ndige KammerLandeszahn\u00e4rztekammer SachsenZust\u00e4ndige Aufsichtsbeh\u00f6rdeKassenzahn\u00e4rztliche Vereinigung SachsenGesetzliche BerufsbezeichnungFachzahn\u00e4rztin f\u00fcr Kieferorthop\u00e4die HaftungshinweisDiese Seite enth\u00e4lt Links zu externen Internetseiten. Trotz sorgf\u00e4ltiger Kontrolle \u00fcbernehmen wir keine Haftung f\u00fcr die Inhalte externer Links. F\u00fcr den [&hellip;]<\/p>\n","protected":false},"author":1,"featured_media":0,"parent":0,"menu_order":0,"comment_status":"closed","ping_status":"closed","template":"page-with-title","meta":{"_monsterinsights_skip_tracking":false,"_monsterinsights_sitenote_active":false,"_monsterinsights_sitenote_note":"","_monsterinsights_sitenote_category":0,"footnotes":""},"class_list":["post-34","page","type-page","status-publish","hentry"],"aioseo_notices":[],"_links":{"self":[{"href":"https:\/\/gross-diekieferorthopaedie.com\/en\/wp-json\/wp\/v2\/pages\/34","targetHints":{"allow":["GET"]}}],"collection":[{"href":"https:\/\/gross-diekieferorthopaedie.com\/en\/wp-json\/wp\/v2\/pages"}],"about":[{"href":"https:\/\/gross-diekieferorthopaedie.com\/en\/wp-json\/wp\/v2\/types\/page"}],"author":[{"embeddable":true,"href":"https:\/\/gross-diekieferorthopaedie.com\/en\/wp-json\/wp\/v2\/users\/1"}],"replies":[{"embeddable":true,"href":"https:\/\/gross-diekieferorthopaedie.com\/en\/wp-json\/wp\/v2\/comments?post=34"}],"version-history":[{"count":4,"href":"https:\/\/gross-diekieferorthopaedie.com\/en\/wp-json\/wp\/v2\/pages\/34\/revisions"}],"predecessor-version":[{"id":67,"href":"https:\/\/gross-diekieferorthopaedie.com\/en\/wp-json\/wp\/v2\/pages\/34\/revisions\/67"}],"wp:attachment":[{"href":"https:\/\/gross-diekieferorthopaedie.com\/en\/wp-json\/wp\/v2\/media?parent=34"}],"curies":[{"name":"wp","href":"https:\/\/api.w.org\/{rel}","templated":true}]}}